{"id":13,"date":"2024-03-23T12:20:15","date_gmt":"2024-03-23T11:20:15","guid":{"rendered":"https:\/\/publiscorts.es\/?page_id=13"},"modified":"2025-01-12T17:49:09","modified_gmt":"2025-01-12T16:49:09","slug":"publicidad-para-escorts-en-espana","status":"publish","type":"page","link":"https:\/\/publiscorts.es\/","title":{"rendered":"Publicidad para escorts en Espa\u00f1a"},"content":{"rendered":"\t\t<div data-elementor-type=\"wp-post\" data-elementor-id=\"13\" class=\"elementor elementor-13\">\n\t\t\t\t<div class=\"elementor-element elementor-element-5af3183 e-flex e-con-boxed e-con e-parent\" data-id=\"5af3183\" data-element_type=\"container\">\n\t\t\t\t\t<div class=\"e-con-inner\">\n\t\t<div class=\"elementor-element elementor-element-8ec4e58 e-con-full e-grid e-con e-child\" data-id=\"8ec4e58\" data-element_type=\"container\">\n\t\t\t\t<div class=\"elementor-element elementor-element-ca7e120 elementor-widget elementor-widget-image\" data-id=\"ca7e120\" data-element_type=\"widget\" data-widget_type=\"image.default\">\n\t\t\t\t<div class=\"elementor-widget-container\">\n\t\t\t\t\t\t\t\t\t\t\t\t\t\t\t<img fetchpriority=\"high\" decoding=\"async\" width=\"800\" height=\"1000\" src=\"https:\/\/publiscorts.es\/wp-content\/uploads\/2025\/01\/tarifas-publiscorts-819x1024.jpg\" class=\"attachment-large size-large wp-image-37\" alt=\"tarifas publiscorts\" srcset=\"https:\/\/publiscorts.es\/wp-content\/uploads\/2025\/01\/tarifas-publiscorts-819x1024.jpg 819w, https:\/\/publiscorts.es\/wp-content\/uploads\/2025\/01\/tarifas-publiscorts-240x300.jpg 240w, https:\/\/publiscorts.es\/wp-content\/uploads\/2025\/01\/tarifas-publiscorts-768x960.jpg 768w, https:\/\/publiscorts.es\/wp-content\/uploads\/2025\/01\/tarifas-publiscorts.jpg 1080w\" sizes=\"(max-width: 800px) 100vw, 800px\" \/>\t\t\t\t\t\t\t\t\t\t\t\t\t\t\t<\/div>\n\t\t\t\t<\/div>\n\t\t\t\t<div class=\"elementor-element elementor-element-8101282 elementor-widget elementor-widget-text-editor\" data-id=\"8101282\" data-element_type=\"widget\" data-widget_type=\"text-editor.default\">\n\t\t\t\t<div class=\"elementor-widget-container\">\n\t\t\t\t\t\t\t\t\t<h2 class=\"elementor-heading-title elementor-size-default\"><strong>Tus Anuncios<\/strong>\u00a0en el\u00a0<img decoding=\"async\" class=\"emoji lazyloaded\" role=\"img\" draggable=\"false\" src=\"https:\/\/s.w.org\/images\/core\/emoji\/14.0.0\/svg\/1f51d.svg\" alt=\"\ud83d\udd1d\" data-src=\"https:\/\/s.w.org\/images\/core\/emoji\/14.0.0\/svg\/1f51d.svg\" \/>\u00a0de las<br \/><strong>P\u00e1ginas\u00a0<\/strong>de<strong>\u00a0<img decoding=\"async\" class=\"emoji lazyloaded\" role=\"img\" draggable=\"false\" src=\"https:\/\/s.w.org\/images\/core\/emoji\/14.0.0\/svg\/2764.svg\" alt=\"\u2764\ufe0f\" data-src=\"https:\/\/s.w.org\/images\/core\/emoji\/14.0.0\/svg\/2764.svg\" \/>\u00a0Contactos<\/strong><\/h2>\t\t\t\t\t\t\t\t<\/div>\n\t\t\t\t<\/div>\n\t\t\t\t<\/div>\n\t\t<div class=\"elementor-element elementor-element-b05c84c e-con-full e-flex e-con e-child\" data-id=\"b05c84c\" data-element_type=\"container\">\n\t\t<div class=\"elementor-element elementor-element-fed37f1 e-flex e-con-boxed e-con e-child\" data-id=\"fed37f1\" data-element_type=\"container\">\n\t\t\t\t\t<div class=\"e-con-inner\">\n\t\t\t\t<div class=\"elementor-element elementor-element-95d836b elementor-widget elementor-widget-text-editor\" data-id=\"95d836b\" data-element_type=\"widget\" data-widget_type=\"text-editor.default\">\n\t\t\t\t<div class=\"elementor-widget-container\">\n\t\t\t\t\t\t\t\t\t<h1 class=\"m-size-34 size-42\"><span class=\"m-font-size-34 font-size-42\">\u00bfBUSCAS RESULTADOS?<\/span><\/h1><p>Nos encargamos de\u00a0<img decoding=\"async\" class=\"emoji\" role=\"img\" draggable=\"false\" src=\"https:\/\/s.w.org\/images\/core\/emoji\/14.0.0\/svg\/1f4dd.svg\" alt=\"\ud83d\udcdd\" \/>\u00a0Publicar\u00a0<img decoding=\"async\" class=\"emoji\" role=\"img\" draggable=\"false\" src=\"https:\/\/s.w.org\/images\/core\/emoji\/14.0.0\/svg\/1f504.svg\" alt=\"\ud83d\udd04\" \/>\u00a0Posicionar y\u00a0<img decoding=\"async\" class=\"emoji\" role=\"img\" draggable=\"false\" src=\"https:\/\/s.w.org\/images\/core\/emoji\/14.0.0\/svg\/1f3af.svg\" alt=\"\ud83c\udfaf\" \/>\u00a0Mantener tus Anuncios en el\u00a0<img decoding=\"async\" class=\"emoji\" role=\"img\" draggable=\"false\" src=\"https:\/\/s.w.org\/images\/core\/emoji\/14.0.0\/svg\/1f51d.svg\" alt=\"\ud83d\udd1d\" \/>\u00a0Top de las mejores P\u00e1ginas de Contactos.<\/p><p class=\"text-align-left\">Te ofrecemos el mejor servicio de publicidad para que tus ingresos sean cada vez mayores,con m\u00e1s de 6 p\u00e1ginas.<\/p><p class=\"text-align-left\"><span class=\"\">Cada palabra de tu anuncio y tus fotograf\u00edas, est\u00e1n elegidas cuidadosamente para que tu anuncio sea\u00a0\u00a0<\/span>m\u00e1s<span class=\"\"> visible.<\/span><\/p><h1 class=\"m-size-34 size-42\"><span class=\"m-font-size-34 font-size-42\">M\u00c1XIMA VISIBILIDAD EN LAS MEJORES PAGINAS<\/span><\/h1>\t\t\t\t\t\t\t\t<\/div>\n\t\t\t\t<\/div>\n\t\t\t\t\t<\/div>\n\t\t\t\t<\/div>\n\t\t\t\t<\/div>\n\t\t\t\t\t<\/div>\n\t\t\t\t<\/div>\n\t\t<div class=\"elementor-element elementor-element-de6cd81 e-flex e-con-boxed e-con e-parent\" data-id=\"de6cd81\" data-element_type=\"container\">\n\t\t\t\t\t<div class=\"e-con-inner\">\n\t\t\t\t<div class=\"elementor-element elementor-element-e64d864 elementor-widget elementor-widget-button\" data-id=\"e64d864\" data-element_type=\"widget\" data-widget_type=\"button.default\">\n\t\t\t\t<div class=\"elementor-widget-container\">\n\t\t\t\t\t\t\t\t\t<div class=\"elementor-button-wrapper\">\n\t\t\t\t\t<a class=\"elementor-button elementor-button-link elementor-size-sm\" href=\"mailto:publiscortses@correo.com?Subject=Aqu\u00ed%20el%20quiero%20informacion%20del%20mail\">\n\t\t\t\t\t\t<span class=\"elementor-button-content-wrapper\">\n\t\t\t\t\t\t\t\t\t<span class=\"elementor-button-text\">Haz clic aqu\u00ed<\/span>\n\t\t\t\t\t<\/span>\n\t\t\t\t\t<\/a>\n\t\t\t\t<\/div>\n\t\t\t\t\t\t\t\t<\/div>\n\t\t\t\t<\/div>\n\t\t\t\t\t<\/div>\n\t\t\t\t<\/div>\n\t\t\t\t<\/div>\n\t\t","protected":false},"excerpt":{"rendered":"<p>Tus Anuncios\u00a0en el\u00a0\u00a0de lasP\u00e1ginas\u00a0de\u00a0\u00a0Contactos \u00bfBUSCAS RESULTADOS? Nos encargamos de\u00a0\u00a0Publicar\u00a0\u00a0Posicionar y\u00a0\u00a0Mantener tus Anuncios en el\u00a0\u00a0Top de las mejores P\u00e1ginas de Contactos. Te ofrecemos el mejor servicio de publicidad para que tus ingresos sean cada vez mayores,con m\u00e1s de 6 p\u00e1ginas. Cada palabra de tu anuncio y tus fotograf\u00edas, est\u00e1n elegidas cuidadosamente para que tu anuncio sea\u00a0\u00a0m\u00e1s [&hellip;]<\/p>\n","protected":false},"author":1,"featured_media":0,"parent":0,"menu_order":0,"comment_status":"closed","ping_status":"closed","template":"","meta":{"footnotes":""},"_links":{"self":[{"href":"https:\/\/publiscorts.es\/index.php\/wp-json\/wp\/v2\/pages\/13"}],"collection":[{"href":"https:\/\/publiscorts.es\/index.php\/wp-json\/wp\/v2\/pages"}],"about":[{"href":"https:\/\/publiscorts.es\/index.php\/wp-json\/wp\/v2\/types\/page"}],"author":[{"embeddable":true,"href":"https:\/\/publiscorts.es\/index.php\/wp-json\/wp\/v2\/users\/1"}],"replies":[{"embeddable":true,"href":"https:\/\/publiscorts.es\/index.php\/wp-json\/wp\/v2\/comments?post=13"}],"version-history":[{"count":22,"href":"https:\/\/publiscorts.es\/index.php\/wp-json\/wp\/v2\/pages\/13\/revisions"}],"predecessor-version":[{"id":43,"href":"https:\/\/publiscorts.es\/index.php\/wp-json\/wp\/v2\/pages\/13\/revisions\/43"}],"wp:attachment":[{"href":"https:\/\/publiscorts.es\/index.php\/wp-json\/wp\/v2\/media?parent=13"}],"curies":[{"name":"wp","href":"https:\/\/api.w.org\/{rel}","templated":true}]}}